{"id":17,"date":"2017-01-02T08:36:21","date_gmt":"2017-01-02T08:36:21","guid":{"rendered":"https:\/\/demo.themegrill.com\/flash-default-2\/?page_id=17"},"modified":"2021-10-29T11:53:06","modified_gmt":"2021-10-29T11:53:06","slug":"sobre-nos","status":"publish","type":"page","link":"https:\/\/www.mariadoceira.com\/loja\/sobre-nos\/","title":{"rendered":"A Maria Doceira"},"content":{"rendered":"<div id=\"pl-17\"  class=\"panel-layout\" ><div id=\"pg-17-0\"  class=\"panel-grid panel-has-style\" ><div class=\"siteorigin-panels-stretch panel-row-style panel-row-style-for-17-0\" data-stretch-type=\"full-stretched-padded\" ><div id=\"pgc-17-0-0\"  class=\"panel-grid-cell panel-grid-cell-empty\" ><\/div><div id=\"pgc-17-0-1\"  class=\"panel-grid-cell panel-grid-cell-empty\" ><\/div><div id=\"pgc-17-0-2\"  class=\"panel-grid-cell\" ><div id=\"panel-17-0-2-0\" class=\"so-panel widget widget_sow-image panel-first-child panel-last-child\" data-index=\"0\" ><div\n\t\t\t\n\t\t\tclass=\"so-widget-sow-image so-widget-sow-image-default-8b5b6f678277-17\"\n\t\t\t\n\t\t>\n<div class=\"sow-image-container\">\n\t\t\t<a href=\"https:\/\/www.mariadoceira.com\/loja\/home\/sopas-2\/\"\n\t\t\t\t\t>\n\t\t\t<img \n\tsrc=\"https:\/\/www.mariadoceira.com\/loja\/wp-content\/uploads\/2021\/10\/sopas.png\" width=\"291\" height=\"240\" sizes=\"(max-width: 291px) 100vw, 291px\" alt=\"\" \t\tclass=\"so-widget-image\"\/>\n\t\t\t<\/a><\/div>\n\n<\/div><\/div><\/div><div id=\"pgc-17-0-3\"  class=\"panel-grid-cell\" ><div id=\"panel-17-0-3-0\" class=\"so-panel widget widget_sow-image panel-first-child panel-last-child\" data-index=\"1\" ><div\n\t\t\t\n\t\t\tclass=\"so-widget-sow-image so-widget-sow-image-default-8b5b6f678277-17\"\n\t\t\t\n\t\t>\n<div class=\"sow-image-container\">\n\t\t\t<a href=\"https:\/\/www.mariadoceira.com\/loja\/home\/pratos-de-carne\/\"\n\t\t\t\t\t>\n\t\t\t<img \n\tsrc=\"https:\/\/www.mariadoceira.com\/loja\/wp-content\/uploads\/2021\/10\/carne.png\" width=\"301\" height=\"240\" sizes=\"(max-width: 301px) 100vw, 301px\" alt=\"\" \t\tclass=\"so-widget-image\"\/>\n\t\t\t<\/a><\/div>\n\n<\/div><\/div><\/div><div id=\"pgc-17-0-4\"  class=\"panel-grid-cell\" ><div id=\"panel-17-0-4-0\" class=\"so-panel widget widget_sow-image panel-first-child panel-last-child\" data-index=\"2\" ><div\n\t\t\t\n\t\t\tclass=\"so-widget-sow-image so-widget-sow-image-default-8b5b6f678277-17\"\n\t\t\t\n\t\t>\n<div class=\"sow-image-container\">\n\t\t\t<a href=\"https:\/\/www.mariadoceira.com\/loja\/home\/pratos-de-peixe\/\"\n\t\t\t\t\t>\n\t\t\t<img \n\tsrc=\"https:\/\/www.mariadoceira.com\/loja\/wp-content\/uploads\/2021\/10\/peixe.png\" width=\"301\" height=\"240\" sizes=\"(max-width: 301px) 100vw, 301px\" alt=\"\" \t\tclass=\"so-widget-image\"\/>\n\t\t\t<\/a><\/div>\n\n<\/div><\/div><\/div><div id=\"pgc-17-0-5\"  class=\"panel-grid-cell\" ><div id=\"panel-17-0-5-0\" class=\"so-panel widget widget_sow-image panel-first-child panel-last-child\" data-index=\"3\" ><div\n\t\t\t\n\t\t\tclass=\"so-widget-sow-image so-widget-sow-image-default-8b5b6f678277-17\"\n\t\t\t\n\t\t>\n<div class=\"sow-image-container\">\n\t\t\t<a href=\"https:\/\/www.mariadoceira.com\/loja\/home\/pratos-vegetarianos\/\"\n\t\t\t\t\t>\n\t\t\t<img \n\tsrc=\"https:\/\/www.mariadoceira.com\/loja\/wp-content\/uploads\/2021\/10\/veggies.png\" width=\"298\" height=\"240\" sizes=\"(max-width: 298px) 100vw, 298px\" alt=\"\" \t\tclass=\"so-widget-image\"\/>\n\t\t\t<\/a><\/div>\n\n<\/div><\/div><\/div><div id=\"pgc-17-0-6\"  class=\"panel-grid-cell\" ><div id=\"panel-17-0-6-0\" class=\"so-panel widget widget_sow-image panel-first-child panel-last-child\" data-index=\"4\" ><div\n\t\t\t\n\t\t\tclass=\"so-widget-sow-image so-widget-sow-image-default-8b5b6f678277-17\"\n\t\t\t\n\t\t>\n<div class=\"sow-image-container\">\n\t\t\t<a href=\"https:\/\/www.mariadoceira.com\/loja\/home\/salgados\/\"\n\t\t\t\t\t>\n\t\t\t<img \n\tsrc=\"https:\/\/www.mariadoceira.com\/loja\/wp-content\/uploads\/2021\/10\/salgados.png\" width=\"302\" height=\"240\" srcset=\"https:\/\/www.mariadoceira.com\/loja\/wp-content\/uploads\/2021\/10\/salgados.png 302w, https:\/\/www.mariadoceira.com\/loja\/wp-content\/uploads\/2021\/10\/salgados-300x238.png 300w\" sizes=\"(max-width: 302px) 100vw, 302px\" alt=\"\" \t\tclass=\"so-widget-image\"\/>\n\t\t\t<\/a><\/div>\n\n<\/div><\/div><\/div><div id=\"pgc-17-0-7\"  class=\"panel-grid-cell\" ><div id=\"panel-17-0-7-0\" class=\"so-panel widget widget_sow-image panel-first-child panel-last-child\" data-index=\"5\" ><div\n\t\t\t\n\t\t\tclass=\"so-widget-sow-image so-widget-sow-image-default-8b5b6f678277-17\"\n\t\t\t\n\t\t>\n<div class=\"sow-image-container\">\n\t\t\t<a href=\"https:\/\/www.mariadoceira.com\/loja\/home\/doces-2\/\"\n\t\t\t\t\t>\n\t\t\t<img \n\tsrc=\"https:\/\/www.mariadoceira.com\/loja\/wp-content\/uploads\/2021\/10\/Doces.png\" width=\"302\" height=\"240\" srcset=\"https:\/\/www.mariadoceira.com\/loja\/wp-content\/uploads\/2021\/10\/Doces.png 302w, https:\/\/www.mariadoceira.com\/loja\/wp-content\/uploads\/2021\/10\/Doces-300x238.png 300w\" sizes=\"(max-width: 302px) 100vw, 302px\" alt=\"\" \t\tclass=\"so-widget-image\"\/>\n\t\t\t<\/a><\/div>\n\n<\/div><\/div><\/div><div id=\"pgc-17-0-8\"  class=\"panel-grid-cell panel-grid-cell-empty panel-grid-cell-mobile-last\" ><\/div><div id=\"pgc-17-0-9\"  class=\"panel-grid-cell panel-grid-cell-empty\" ><\/div><\/div><\/div><div id=\"pg-17-1\"  class=\"panel-grid panel-has-style\" ><div class=\"panel-row-style panel-row-style-for-17-1\" ><div id=\"pgc-17-1-0\"  class=\"panel-grid-cell\" ><div id=\"panel-17-1-0-0\" class=\"so-panel widget widget_themegrill_flash_heading tg-widget section-title-wrapper panel-first-child\" data-index=\"6\" ><div class=\"panel-widget-style panel-widget-style-for-17-1-0-0\" >\t<h3 class=\"section-title\">A MARIA DOCEIRA<\/h3>\n<\/div><\/div><div id=\"panel-17-1-0-1\" class=\"so-panel widget widget_siteorigin-panels-builder panel-last-child\" data-index=\"7\" ><div class=\"panel-widget-style panel-widget-style-for-17-1-0-1\" ><div id=\"pl-w617be07710383\"  class=\"panel-layout\" ><div id=\"pg-w617be07710383-0\"  class=\"panel-grid panel-no-style\" ><div id=\"pgc-w617be07710383-0-0\"  class=\"panel-grid-cell\" ><div id=\"panel-w617be07710383-0-0-0\" class=\"so-panel widget widget_sow-editor panel-first-child panel-last-child\" data-index=\"0\" ><div\n\t\t\t\n\t\t\tclass=\"so-widget-sow-editor so-widget-sow-editor-base\"\n\t\t\t\n\t\t>\n<div class=\"siteorigin-widget-tinymce textwidget\">\n\t<div style=\"width: 640px;\" class=\"wp-video\"><video class=\"wp-video-shortcode\" id=\"video-17-1\" width=\"640\" height=\"360\" preload=\"metadata\" controls=\"controls\"><source type=\"video\/mp4\" src=\"https:\/\/www.mariadoceira.com\/loja\/MD_video.mp4?_=1\" \/><a href=\"https:\/\/www.mariadoceira.com\/loja\/MD_video.mp4\">https:\/\/www.mariadoceira.com\/loja\/MD_video.mp4<\/a><\/video><\/div>\n<\/div>\n<\/div><\/div><\/div><div id=\"pgc-w617be07710383-0-1\"  class=\"panel-grid-cell\" ><div id=\"panel-w617be07710383-0-1-0\" class=\"so-panel widget widget_sow-editor panel-first-child panel-last-child\" data-index=\"1\" ><div class=\"aos-init panel-widget-style panel-widget-style-for-w617be07710383-0-1-0\" data-aos=\"fade-right\" data-aos-duration=\"300\" data-aos-easing=\"linear\" data-aos-delay=\"300\" data-aos-anchor-placement=\"top-bottom\" data-aos-once=\"true\" ><div\n\t\t\t\n\t\t\tclass=\"so-widget-sow-editor so-widget-sow-editor-base\"\n\t\t\t\n\t\t>\n<div class=\"siteorigin-widget-tinymce textwidget\">\n\t<p>Mud\u00e1mos o nosso espa\u00e7o e a nossa imagem mas mantivemos toda a qualidade dos nossos pratos, todo o carinho com que os confecionamos, e fundamentalmente o conceito de comida caseira.<\/p>\n<p>Veja um pouco daquilo que s\u00e3o os \"bastidores\" do que a nossa loja faz e encomende para confirmar aquilo que lhe dizemos; temos a certeza de que vai adorar!<\/p>\n<\/div>\n<\/div><\/div><\/div><\/div><\/div><div id=\"pg-w617be07710383-1\"  class=\"panel-grid panel-has-style\" ><div class=\"panel-row-style panel-row-style-for-w617be07710383-1\" ><div id=\"pgc-w617be07710383-1-0\"  class=\"panel-grid-cell\" ><div id=\"panel-w617be07710383-1-0-0\" class=\"so-panel widget widget_sow-editor panel-first-child panel-last-child\" data-index=\"2\" ><div class=\"aos-init panel-widget-style panel-widget-style-for-w617be07710383-1-0-0\" data-aos=\"fade-right\" data-aos-duration=\"300\" data-aos-easing=\"linear\" data-aos-delay=\"300\" data-aos-anchor-placement=\"top-bottom\" data-aos-once=\"true\" ><div\n\t\t\t\n\t\t\tclass=\"so-widget-sow-editor so-widget-sow-editor-base\"\n\t\t\t\n\t\t>\n<div class=\"siteorigin-widget-tinymce textwidget\">\n\t<p>Agora pode optar por comer em loja, levar embalado para o seu almo\u00e7o ou jantar ou encomendar para levar para eventos posteriores. O nosso novo sistema facilita as suas refei\u00e7\u00f5es di\u00e1rias e organiza as suas festas. Pode encomendar a qualquer hora, a partir de qualquer lugar e aquecer apenas quando tiver necessidade.<\/p>\n<p>Queremos facilitar-lhe a vida com um servi\u00e7o r\u00e1pido, pr\u00e1tico e garantindo sempre um sabor apetitoso com grande variedade de pratos e as receitas caseiras caracter\u00edsticas da Maria Doceira.<br \/>\nVai ver que encontrar\u00e1 em n\u00f3s \"um servi\u00e7o de Take Away que acompanha o ritmo da sua vida\".<\/p>\n<\/div>\n<\/div><\/div><\/div><\/div><div id=\"pgc-w617be07710383-1-1\"  class=\"panel-grid-cell\" ><div id=\"panel-w617be07710383-1-1-0\" class=\"so-panel widget widget_sow-slider panel-first-child panel-last-child\" data-index=\"3\" ><div class=\"panel-widget-style panel-widget-style-for-w617be07710383-1-1-0\" ><div\n\t\t\t\n\t\t\tclass=\"so-widget-sow-slider so-widget-sow-slider-default-6d39609536fd\"\n\t\t\t\n\t\t>\t\t\t\t<div class=\"sow-slider-base\" style=\"display: none\" tabindex=\"0\">\n\t\t\t\t\t<ul\n\t\t\t\t\tclass=\"sow-slider-images\"\n\t\t\t\t\tdata-settings=\"{&quot;pagination&quot;:true,&quot;speed&quot;:600,&quot;timeout&quot;:6000,&quot;paused&quot;:false,&quot;pause_on_hover&quot;:false,&quot;swipe&quot;:true,&quot;nav_always_show_desktop&quot;:&quot;&quot;,&quot;nav_always_show_mobile&quot;:&quot;&quot;,&quot;breakpoint&quot;:&quot;780px&quot;,&quot;unmute&quot;:false,&quot;anchor&quot;:null}\"\n\t\t\t\t\t\t\t\t\t\tdata-anchor-id=\"\"\n\t\t\t\t>\t\t<li class=\"sow-slider-image\" style=\"visibility: visible;\" >\n\t\t\t\t\t\t<img loading=\"lazy\" decoding=\"async\" width=\"640\" height=\"427\" src=\"https:\/\/www.mariadoceira.com\/loja\/wp-content\/uploads\/2021\/10\/1.jpeg\" class=\"sow-slider-background-image\" alt=\"\" style=\"\" srcset=\"https:\/\/www.mariadoceira.com\/loja\/wp-content\/uploads\/2021\/10\/1.jpeg 640w, https:\/\/www.mariadoceira.com\/loja\/wp-content\/uploads\/2021\/10\/1-300x200.jpeg 300w, https:\/\/www.mariadoceira.com\/loja\/wp-content\/uploads\/2021\/10\/1-600x400.jpeg 600w, https:\/\/www.mariadoceira.com\/loja\/wp-content\/uploads\/2021\/10\/1-272x182.jpeg 272w\" sizes=\"auto, (max-width: 640px) 100vw, 640px\" \/>\t\t<\/li>\n\t\t\t\t<li class=\"sow-slider-image\" style=\"visibility: hidden;\" >\n\t\t\t\t\t\t<img loading=\"lazy\" decoding=\"async\" width=\"640\" height=\"427\" src=\"https:\/\/www.mariadoceira.com\/loja\/wp-content\/uploads\/2021\/10\/2.jpeg\" class=\"sow-slider-background-image\" alt=\"\" style=\"\" srcset=\"https:\/\/www.mariadoceira.com\/loja\/wp-content\/uploads\/2021\/10\/2.jpeg 640w, https:\/\/www.mariadoceira.com\/loja\/wp-content\/uploads\/2021\/10\/2-300x200.jpeg 300w, https:\/\/www.mariadoceira.com\/loja\/wp-content\/uploads\/2021\/10\/2-600x400.jpeg 600w, https:\/\/www.mariadoceira.com\/loja\/wp-content\/uploads\/2021\/10\/2-272x182.jpeg 272w\" sizes=\"auto, (max-width: 640px) 100vw, 640px\" \/>\t\t<\/li>\n\t\t\t\t<li class=\"sow-slider-image\" style=\"visibility: hidden;\" >\n\t\t\t\t\t\t<img loading=\"lazy\" decoding=\"async\" width=\"640\" height=\"427\" src=\"https:\/\/www.mariadoceira.com\/loja\/wp-content\/uploads\/2021\/10\/3.jpeg\" class=\"sow-slider-background-image\" alt=\"\" style=\"\" srcset=\"https:\/\/www.mariadoceira.com\/loja\/wp-content\/uploads\/2021\/10\/3.jpeg 640w, https:\/\/www.mariadoceira.com\/loja\/wp-content\/uploads\/2021\/10\/3-300x200.jpeg 300w, https:\/\/www.mariadoceira.com\/loja\/wp-content\/uploads\/2021\/10\/3-600x400.jpeg 600w, https:\/\/www.mariadoceira.com\/loja\/wp-content\/uploads\/2021\/10\/3-272x182.jpeg 272w\" sizes=\"auto, (max-width: 640px) 100vw, 640px\" \/>\t\t<\/li>\n\t\t\t\t<li class=\"sow-slider-image\" style=\"visibility: hidden;\" >\n\t\t\t\t\t\t<img loading=\"lazy\" decoding=\"async\" width=\"640\" height=\"427\" src=\"https:\/\/www.mariadoceira.com\/loja\/wp-content\/uploads\/2021\/10\/4.jpeg\" class=\"sow-slider-background-image\" alt=\"\" style=\"\" srcset=\"https:\/\/www.mariadoceira.com\/loja\/wp-content\/uploads\/2021\/10\/4.jpeg 640w, https:\/\/www.mariadoceira.com\/loja\/wp-content\/uploads\/2021\/10\/4-300x200.jpeg 300w, https:\/\/www.mariadoceira.com\/loja\/wp-content\/uploads\/2021\/10\/4-600x400.jpeg 600w, https:\/\/www.mariadoceira.com\/loja\/wp-content\/uploads\/2021\/10\/4-272x182.jpeg 272w\" sizes=\"auto, (max-width: 640px) 100vw, 640px\" \/>\t\t<\/li>\n\t\t\t\t<li class=\"sow-slider-image\" style=\"visibility: hidden;\" >\n\t\t\t\t\t\t<img loading=\"lazy\" decoding=\"async\" width=\"640\" height=\"427\" src=\"https:\/\/www.mariadoceira.com\/loja\/wp-content\/uploads\/2021\/10\/5.jpeg\" class=\"sow-slider-background-image\" alt=\"\" style=\"\" srcset=\"https:\/\/www.mariadoceira.com\/loja\/wp-content\/uploads\/2021\/10\/5.jpeg 640w, https:\/\/www.mariadoceira.com\/loja\/wp-content\/uploads\/2021\/10\/5-300x200.jpeg 300w, https:\/\/www.mariadoceira.com\/loja\/wp-content\/uploads\/2021\/10\/5-600x400.jpeg 600w, https:\/\/www.mariadoceira.com\/loja\/wp-content\/uploads\/2021\/10\/5-272x182.jpeg 272w\" sizes=\"auto, (max-width: 640px) 100vw, 640px\" \/>\t\t<\/li>\n\t\t\t\t<li class=\"sow-slider-image\" style=\"visibility: hidden;\" >\n\t\t\t\t\t\t<img loading=\"lazy\" decoding=\"async\" width=\"640\" height=\"427\" src=\"https:\/\/www.mariadoceira.com\/loja\/wp-content\/uploads\/2021\/10\/6.jpeg\" class=\"sow-slider-background-image\" alt=\"\" style=\"\" srcset=\"https:\/\/www.mariadoceira.com\/loja\/wp-content\/uploads\/2021\/10\/6.jpeg 640w, https:\/\/www.mariadoceira.com\/loja\/wp-content\/uploads\/2021\/10\/6-300x200.jpeg 300w, https:\/\/www.mariadoceira.com\/loja\/wp-content\/uploads\/2021\/10\/6-600x400.jpeg 600w, https:\/\/www.mariadoceira.com\/loja\/wp-content\/uploads\/2021\/10\/6-272x182.jpeg 272w\" sizes=\"auto, (max-width: 640px) 100vw, 640px\" \/>\t\t<\/li>\n\t\t<\/ul>\t\t\t\t<ol class=\"sow-slider-pagination\">\n\t\t\t\t\t\t\t\t\t\t\t<li><a href=\"#\" data-goto=\"0\" aria-label=\"Display slide 1\"><\/a><\/li>\n\t\t\t\t\t\t\t\t\t\t\t<li><a href=\"#\" data-goto=\"1\" aria-label=\"Display slide 2\"><\/a><\/li>\n\t\t\t\t\t\t\t\t\t\t\t<li><a href=\"#\" data-goto=\"2\" aria-label=\"Display slide 3\"><\/a><\/li>\n\t\t\t\t\t\t\t\t\t\t\t<li><a href=\"#\" data-goto=\"3\" aria-label=\"Display slide 4\"><\/a><\/li>\n\t\t\t\t\t\t\t\t\t\t\t<li><a href=\"#\" data-goto=\"4\" aria-label=\"Display slide 5\"><\/a><\/li>\n\t\t\t\t\t\t\t\t\t\t\t<li><a href=\"#\" data-goto=\"5\" aria-label=\"Display slide 6\"><\/a><\/li>\n\t\t\t\t\t\t\t\t\t<\/ol>\n\n\t\t\t\t<div class=\"sow-slide-nav sow-slide-nav-next\">\n\t\t\t\t\t<a href=\"#\" data-goto=\"next\" aria-label=\"Next slide\" data-action=\"next\">\n\t\t\t\t\t\t<em class=\"sow-sld-icon-thin-right\"><\/em>\n\t\t\t\t\t<\/a>\n\t\t\t\t<\/div>\n\n\t\t\t\t<div class=\"sow-slide-nav sow-slide-nav-prev\">\n\t\t\t\t\t<a href=\"#\" data-goto=\"previous\" aria-label=\"Previous slide\" data-action=\"prev\">\n\t\t\t\t\t\t<em class=\"sow-sld-icon-thin-left\"><\/em>\n\t\t\t\t\t<\/a>\n\t\t\t\t<\/div>\n\t\t\t\t<\/div><\/div><\/div><\/div><\/div><\/div><\/div><\/div><\/div><\/div><\/div><\/div><\/div><\/div>","protected":false},"excerpt":{"rendered":"<p>A MARIA DOCEIRA https:\/\/www.mariadoceira.com\/loja\/MD_video.mp4 Mud\u00e1mos o nosso espa\u00e7o e a nossa imagem mas mantivemos toda a qualidade dos nossos pratos, [&hellip;]<\/p>\n","protected":false},"author":1,"featured_media":0,"parent":0,"menu_order":0,"comment_status":"closed","ping_status":"closed","template":"page-templates\/pagebuilder.php","meta":{"footnotes":""},"class_list":["post-17","page","type-page","status-publish","hentry"],"_links":{"self":[{"href":"https:\/\/www.mariadoceira.com\/loja\/wp-json\/wp\/v2\/pages\/17","targetHints":{"allow":["GET"]}}],"collection":[{"href":"https:\/\/www.mariadoceira.com\/loja\/wp-json\/wp\/v2\/pages"}],"about":[{"href":"https:\/\/www.mariadoceira.com\/loja\/wp-json\/wp\/v2\/types\/page"}],"author":[{"embeddable":true,"href":"https:\/\/www.mariadoceira.com\/loja\/wp-json\/wp\/v2\/users\/1"}],"replies":[{"embeddable":true,"href":"https:\/\/www.mariadoceira.com\/loja\/wp-json\/wp\/v2\/comments?post=17"}],"version-history":[{"count":190,"href":"https:\/\/www.mariadoceira.com\/loja\/wp-json\/wp\/v2\/pages\/17\/revisions"}],"predecessor-version":[{"id":2864,"href":"https:\/\/www.mariadoceira.com\/loja\/wp-json\/wp\/v2\/pages\/17\/revisions\/2864"}],"wp:attachment":[{"href":"https:\/\/www.mariadoceira.com\/loja\/wp-json\/wp\/v2\/media?parent=17"}],"curies":[{"name":"wp","href":"https:\/\/api.w.org\/{rel}","templated":true}]}}