{"id":3,"date":"2020-05-02T14:12:37","date_gmt":"2020-05-02T14:12:37","guid":{"rendered":"https:\/\/www.mariadoceira.com\/loja\/?page_id=3"},"modified":"2021-10-21T15:28:40","modified_gmt":"2021-10-21T15:28:40","slug":"privacy-policy","status":"publish","type":"page","link":"https:\/\/www.mariadoceira.com\/loja\/privacy-policy\/","title":{"rendered":"Pol\u00edtica de Privacidade"},"content":{"rendered":"<div id=\"pl-3\"  class=\"panel-layout\" ><div id=\"pg-3-0\"  class=\"panel-grid panel-has-style\" ><div class=\"siteorigin-panels-stretch panel-row-style panel-row-style-for-3-0\" data-stretch-type=\"full-stretched-padded\" ><div id=\"pgc-3-0-0\"  class=\"panel-grid-cell panel-grid-cell-empty\" ><\/div><div id=\"pgc-3-0-1\"  class=\"panel-grid-cell panel-grid-cell-empty\" ><\/div><div id=\"pgc-3-0-2\"  class=\"panel-grid-cell\" ><div id=\"panel-3-0-2-0\" class=\"so-panel widget widget_sow-image panel-first-child panel-last-child\" data-index=\"0\" ><div\n\t\t\t\n\t\t\tclass=\"so-widget-sow-image so-widget-sow-image-default-8b5b6f678277-3\"\n\t\t\t\n\t\t>\n<div class=\"sow-image-container\">\n\t\t\t<a href=\"https:\/\/www.mariadoceira.com\/loja\/home\/sopas-2\/\"\n\t\t\t\t\t>\n\t\t\t<img \n\tsrc=\"https:\/\/www.mariadoceira.com\/loja\/wp-content\/uploads\/2021\/10\/sopas.png\" width=\"291\" height=\"240\" sizes=\"(max-width: 291px) 100vw, 291px\" alt=\"\" \t\tclass=\"so-widget-image\"\/>\n\t\t\t<\/a><\/div>\n\n<\/div><\/div><\/div><div id=\"pgc-3-0-3\"  class=\"panel-grid-cell\" ><div id=\"panel-3-0-3-0\" class=\"so-panel widget widget_sow-image panel-first-child panel-last-child\" data-index=\"1\" ><div\n\t\t\t\n\t\t\tclass=\"so-widget-sow-image so-widget-sow-image-default-8b5b6f678277-3\"\n\t\t\t\n\t\t>\n<div class=\"sow-image-container\">\n\t\t\t<a href=\"https:\/\/www.mariadoceira.com\/loja\/home\/pratos-de-carne\/\"\n\t\t\t\t\t>\n\t\t\t<img \n\tsrc=\"https:\/\/www.mariadoceira.com\/loja\/wp-content\/uploads\/2021\/10\/carne.png\" width=\"301\" height=\"240\" sizes=\"(max-width: 301px) 100vw, 301px\" alt=\"\" \t\tclass=\"so-widget-image\"\/>\n\t\t\t<\/a><\/div>\n\n<\/div><\/div><\/div><div id=\"pgc-3-0-4\"  class=\"panel-grid-cell\" ><div id=\"panel-3-0-4-0\" class=\"so-panel widget widget_sow-image panel-first-child panel-last-child\" data-index=\"2\" ><div\n\t\t\t\n\t\t\tclass=\"so-widget-sow-image so-widget-sow-image-default-8b5b6f678277-3\"\n\t\t\t\n\t\t>\n<div class=\"sow-image-container\">\n\t\t\t<a href=\"https:\/\/www.mariadoceira.com\/loja\/home\/pratos-de-peixe\/\"\n\t\t\t\t\t>\n\t\t\t<img \n\tsrc=\"https:\/\/www.mariadoceira.com\/loja\/wp-content\/uploads\/2021\/10\/peixe.png\" width=\"301\" height=\"240\" sizes=\"(max-width: 301px) 100vw, 301px\" alt=\"\" \t\tclass=\"so-widget-image\"\/>\n\t\t\t<\/a><\/div>\n\n<\/div><\/div><\/div><div id=\"pgc-3-0-5\"  class=\"panel-grid-cell\" ><div id=\"panel-3-0-5-0\" class=\"so-panel widget widget_sow-image panel-first-child panel-last-child\" data-index=\"3\" ><div\n\t\t\t\n\t\t\tclass=\"so-widget-sow-image so-widget-sow-image-default-8b5b6f678277-3\"\n\t\t\t\n\t\t>\n<div class=\"sow-image-container\">\n\t\t\t<a href=\"https:\/\/www.mariadoceira.com\/loja\/home\/pratos-vegetarianos\/\"\n\t\t\t\t\t>\n\t\t\t<img \n\tsrc=\"https:\/\/www.mariadoceira.com\/loja\/wp-content\/uploads\/2021\/10\/veggies.png\" width=\"298\" height=\"240\" sizes=\"(max-width: 298px) 100vw, 298px\" alt=\"\" \t\tclass=\"so-widget-image\"\/>\n\t\t\t<\/a><\/div>\n\n<\/div><\/div><\/div><div id=\"pgc-3-0-6\"  class=\"panel-grid-cell\" ><div id=\"panel-3-0-6-0\" class=\"so-panel widget widget_sow-image panel-first-child panel-last-child\" data-index=\"4\" ><div\n\t\t\t\n\t\t\tclass=\"so-widget-sow-image so-widget-sow-image-default-8b5b6f678277-3\"\n\t\t\t\n\t\t>\n<div class=\"sow-image-container\">\n\t\t\t<a href=\"https:\/\/www.mariadoceira.com\/loja\/home\/salgados\/\"\n\t\t\t\t\t>\n\t\t\t<img \n\tsrc=\"https:\/\/www.mariadoceira.com\/loja\/wp-content\/uploads\/2021\/10\/salgados.png\" width=\"302\" height=\"240\" srcset=\"https:\/\/www.mariadoceira.com\/loja\/wp-content\/uploads\/2021\/10\/salgados.png 302w, https:\/\/www.mariadoceira.com\/loja\/wp-content\/uploads\/2021\/10\/salgados-300x238.png 300w\" sizes=\"(max-width: 302px) 100vw, 302px\" alt=\"\" \t\tclass=\"so-widget-image\"\/>\n\t\t\t<\/a><\/div>\n\n<\/div><\/div><\/div><div id=\"pgc-3-0-7\"  class=\"panel-grid-cell\" ><div id=\"panel-3-0-7-0\" class=\"so-panel widget widget_sow-image panel-first-child panel-last-child\" data-index=\"5\" ><div\n\t\t\t\n\t\t\tclass=\"so-widget-sow-image so-widget-sow-image-default-8b5b6f678277-3\"\n\t\t\t\n\t\t>\n<div class=\"sow-image-container\">\n\t\t\t<a href=\"https:\/\/www.mariadoceira.com\/loja\/home\/doces-2\/\"\n\t\t\t\t\t>\n\t\t\t<img \n\tsrc=\"https:\/\/www.mariadoceira.com\/loja\/wp-content\/uploads\/2021\/10\/Doces.png\" width=\"302\" height=\"240\" srcset=\"https:\/\/www.mariadoceira.com\/loja\/wp-content\/uploads\/2021\/10\/Doces.png 302w, https:\/\/www.mariadoceira.com\/loja\/wp-content\/uploads\/2021\/10\/Doces-300x238.png 300w\" sizes=\"(max-width: 302px) 100vw, 302px\" alt=\"\" \t\tclass=\"so-widget-image\"\/>\n\t\t\t<\/a><\/div>\n\n<\/div><\/div><\/div><div id=\"pgc-3-0-8\"  class=\"panel-grid-cell panel-grid-cell-empty panel-grid-cell-mobile-last\" ><\/div><div id=\"pgc-3-0-9\"  class=\"panel-grid-cell panel-grid-cell-empty\" ><\/div><\/div><\/div><div id=\"pg-3-1\"  class=\"panel-grid panel-has-style\" ><div class=\"panel-row-style panel-row-style-for-3-1\" ><div id=\"pgc-3-1-0\"  class=\"panel-grid-cell\" ><div id=\"panel-3-1-0-0\" class=\"so-panel widget widget_sow-editor panel-first-child\" data-index=\"6\" ><div class=\"panel-widget-style panel-widget-style-for-3-1-0-0\" ><div\n\t\t\t\n\t\t\tclass=\"so-widget-sow-editor so-widget-sow-editor-base\"\n\t\t\t\n\t\t>\n<div class=\"siteorigin-widget-tinymce textwidget\">\n\t<p>A Maria Doceira compromete-se a garantir a privacidade e seguran\u00e7a dos dados pessoais dos seus clientes, sendo estes apenas utilizados pela empresa para o processamento de encomendas e identifica\u00e7\u00e3o dos clientes.<br \/>\nAo cliente, \u00e9 garantido o direito de acesso, rectifica\u00e7\u00e3o, altera\u00e7\u00e3o ou elimina\u00e7\u00e3o dos seus dados, basta que para isso contacte a Maria Doceira.<br \/>\nAsseguramos que os dados fornecidos n\u00e3o ser\u00e3o transmitidos a outras entidades, para quaisquer fins comerciais ou outros. A informa\u00e7\u00e3o guardada servir\u00e1 apenas para o envio de comunica\u00e7\u00f5es institucionais e newsletters de \u00edndole comercial.<br \/>\nO cliente poder\u00e1 em qualquer momento cancelar o envio destas comunica\u00e7\u00f5es.<br \/>\nToda e qualquer informa\u00e7\u00e3o fornecida pelo cliente, ser\u00e1 utilizada de acordo com a lei de Protec\u00e7\u00e3o de Dados Pessoais.<\/p>\n<\/div>\n<\/div><\/div><\/div><div id=\"panel-3-1-0-1\" class=\"so-panel widget widget_sow-editor panel-last-child\" data-index=\"7\" ><div class=\"panel-widget-style panel-widget-style-for-3-1-0-1\" ><div\n\t\t\t\n\t\t\tclass=\"so-widget-sow-editor so-widget-sow-editor-base\"\n\t\t\t\n\t\t><h3 class=\"widget-title\">Pol\u00edtica de Privacidade<\/h3>\n<div class=\"siteorigin-widget-tinymce textwidget\">\n\t<h5>(Artigos 8\u00ba, 13\u00ba, 14\u00ba e 21\u00ba do Regulamento Geral de Prote\u00e7\u00e3o de Dados \u2010 RGPD)<\/h5>\n<p>Como \u00e9 de conhecimento geral, o Regulamento 2016\/679, aprovado a 27 de abril de 2016 e com produ\u00e7\u00e3o de efeitos a partir de 25 de maio 2018, designado como Regulamento Geral de Prote\u00e7\u00e3o de Dados (\u201cRGPD\u201d) vem definir o novo regime jur\u00eddico de prote\u00e7\u00e3o de dados pessoais, criando novas obriga\u00e7\u00f5es e responsabilidades para todas as entidades p\u00fablicas e privadas, estabelecendo um novo regime jur\u00eddico especial para o tratamento de dados pessoais.<br \/>\nA Cozinha da Maria, Lda. implementou medidas t\u00e9cnicas e organizativas adequadas de forma a proteger os dados pessoais contra perdas, utiliza\u00e7\u00e3o abusiva, altera\u00e7\u00e3o ou destrui\u00e7\u00e3o. Todos os colaboradores de A Cozinha da Maria, Lda. seguem uma politica de seguran\u00e7a em rede. S\u00f3 os colaboradores autorizados de A Cozinha da Maria, Lda. t\u00eam acesso aos dados pessoais, estando estes igualmente vinculados ao dever de sigilo e confidencialidade.<br \/>\nEste Website faz parte de A Cozinha da Maria, Lda. Este comunicado de privacidade explica como usamos a informa\u00e7\u00e3o pessoal que recolhemos acerca de si quando usa este Website www.mariadoceira.com.<\/p>\n<p><strong>Conte\u00fado<\/strong><br \/>\nQue informa\u00e7\u00e3o recolhemos acerca de si?<br \/>\nDe que forma usamos a informa\u00e7\u00e3o sobre si?<br \/>\nSeguran\u00e7a dos dados fornecidos pelos utilizadores<br \/>\nAcesso e corre\u00e7\u00e3o da sua informa\u00e7\u00e3o<br \/>\nCookies<br \/>\nOutros websites<br \/>\nAltera\u00e7\u00f5es a este comunicado de privacidade Contatos<\/p>\n<p><strong>Que informa\u00e7\u00e3o recolhemos acerca de si?<\/strong><br \/>\nRecolhemos informa\u00e7\u00e3o acerca de si quando no nosso Website preenche question\u00e1rios ou envia pedidos de encomendas e informa\u00e7\u00f5es.<\/p>\n<p><strong>De que forma usamos a informa\u00e7\u00e3o sobre si?<\/strong><br \/>\nOs dados recolhidos servem para processar o seu pedido, gerir a sua conta e, se concordar, enviar\u2010lhe por correio eletr\u00f3nico informa\u00e7\u00e3o acerca de outros produtos e servi\u00e7os que pensamos ser do seu interesse.<\/p>\n<p><strong>Seguran\u00e7a dos dados fornecidos pelos utilizadores<\/strong><br \/>\nA Cozinha da Maria, Lda. usa uma tecnologia online segura e est\u00e1 constantemente a atualizar o sua infraestrutura inform\u00e1tica de forma a oferecer a maior seguran\u00e7a poss\u00edvel aos seus utilizadores. Adotamos medidas de seguran\u00e7a para reduzir os riscos de destrui\u00e7\u00e3o ou perda de dados, para impedir o acesso n\u00e3o autorizado, tipos de processamento il\u00edcitos e processamentos que n\u00e3o estejam em conformidade com os objetivos da recolha dos dados nos termos da nossa Pol\u00edtica de Privacidade. Contudo, A Cozinha da Maria, Lda. n\u00e3o pode garantir aos seus utilizadores que as medidas de seguran\u00e7a adotadas limitem ou excluam qualquer esp\u00e9cie de risco relativo ao acesso n\u00e3o autorizado ou \u00e0 dispers\u00e3o dos dados por via de dispositivos dos utilizadores. Aconselhamos os utilizadores a verificarem se os seus computadores est\u00e3o equipados com software adequado para proteger a transmiss\u00e3o dos dados na rede, tanto \u00e0 entrada como \u00e0 sa\u00edda (ex.: antiv\u00edrus atualizado) e se os respetivos prestadores de servi\u00e7os de Internet adotaram medidas de seguran\u00e7a adequadas para proteger a transmiss\u00e3o de dados pela rede (firewall e filtros antispam).<\/p>\n<p><strong>Acesso e corre\u00e7\u00e3o da sua informa\u00e7\u00e3o<\/strong><br \/>\nTem o direito de solicitar uma c\u00f3pia da informa\u00e7\u00e3o que temos acerca de si. Se quiser solicitar uma c\u00f3pia da sua informa\u00e7\u00e3o parcial ou total retida pela A Cozinha da Maria, Lda. por favor envie\u2010nos um email para geral@mariadoceira.com<br \/>\nQueremos ter a certeza da exatid\u00e3o e fiabilidade da informa\u00e7\u00e3o que retemos acerca de si. Pode\u2010nos solicitar a corre\u00e7\u00e3o ou remo\u00e7\u00e3o da informa\u00e7\u00e3o que n\u00e3o esteja atualizada.<\/p>\n<p><strong>Cookies (testemunhos de conex\u00e3o)<\/strong><br \/>\nTal como a maioria dos websites, para que o nosso site possa funcionar corretamente, instalamos pontualmente no seu computador ou dispositivo m\u00f3vel pequenos ficheiros denominados cookies ou testemunhos de conex\u00e3o.<br \/>\n<strong>O que s\u00e3o cookies?<\/strong><br \/>\nUm cookie \u00e9 um pequeno ficheiro de texto que um website instala no seu computador ou dispositivo m\u00f3vel quando o visita. Estes ficheiros permitem que, durante um certo per\u00edodo de tempo, o website se \u201clembre\u201d das suas a\u00e7\u00f5es e prefer\u00eancias, nomeadamente do nome de utilizador, da l\u00edngua escolhida, do tamanho dos carateres e de outras defini\u00e7\u00f5es de visualiza\u00e7\u00e3o. \u00c9 por isso que quando percorre as p\u00e1ginas de um website ou regressa a um website que j\u00e1 visitou, n\u00e3o tem de voltar a indicar as suas prefer\u00eancias.<br \/>\n<strong>Como controlar os cookies?<\/strong><br \/>\nPode controlar e\/ou apagar os cookies que desejar. Para mais informa\u00e7\u00f5es, consulte aboutcookies.org. Pode apagar todos os cookies j\u00e1 instalados no seu computador ou dispositivo m\u00f3vel ou ativar uma op\u00e7\u00e3o dispon\u00edvel na maioria dos programas de navega\u00e7\u00e3o que impede a sua instala\u00e7\u00e3o. Se o fizer, pode ter de configurar manualmente algumas prefer\u00eancias sempre que visitar um website e corre o risco de desativar determinados servi\u00e7os e funcionalidades.<\/p>\n<p><strong>Outros websites<\/strong><br \/>\nEste Website contem links para outros websites. Este comunicado de privacidade apenas se aplica a este Website. Deve ler as pol\u00edticas de privacidade dos outros websites.<br \/>\nAltera\u00e7\u00f5es a este comunicado de privacidade<br \/>\nAs nossas pol\u00edticas de privacidade s\u00e3o revistas regularmente e todas as altera\u00e7\u00f5es ser\u00e3o publicadas neste Website. A \u00faltima atualiza\u00e7\u00e3o \u00e9 de Junho 2018.<\/p>\n<p><strong>Contactos<\/strong><br \/>\nSe tiver alguma quest\u00e3o acerca da nossa pol\u00edtica de privacidade ou da informa\u00e7\u00e3o que temos sobre si use o endere\u00e7o geral@mariadoceira.com para esclarecimentos.<\/p>\n<\/div>\n<\/div><\/div><\/div><\/div><\/div><\/div><\/div>","protected":false},"excerpt":{"rendered":"<p>A Maria Doceira compromete-se a garantir a privacidade e seguran\u00e7a dos dados pessoais dos seus clientes, sendo estes apenas utilizados [&hellip;]<\/p>\n","protected":false},"author":1,"featured_media":0,"parent":0,"menu_order":0,"comment_status":"closed","ping_status":"closed","template":"page-templates\/pagebuilder.php","meta":{"footnotes":""},"class_list":["post-3","page","type-page","status-publish","hentry"],"_links":{"self":[{"href":"https:\/\/www.mariadoceira.com\/loja\/wp-json\/wp\/v2\/pages\/3","targetHints":{"allow":["GET"]}}],"collection":[{"href":"https:\/\/www.mariadoceira.com\/loja\/wp-json\/wp\/v2\/pages"}],"about":[{"href":"https:\/\/www.mariadoceira.com\/loja\/wp-json\/wp\/v2\/types\/page"}],"author":[{"embeddable":true,"href":"https:\/\/www.mariadoceira.com\/loja\/wp-json\/wp\/v2\/users\/1"}],"replies":[{"embeddable":true,"href":"https:\/\/www.mariadoceira.com\/loja\/wp-json\/wp\/v2\/comments?post=3"}],"version-history":[{"count":35,"href":"https:\/\/www.mariadoceira.com\/loja\/wp-json\/wp\/v2\/pages\/3\/revisions"}],"predecessor-version":[{"id":2808,"href":"https:\/\/www.mariadoceira.com\/loja\/wp-json\/wp\/v2\/pages\/3\/revisions\/2808"}],"wp:attachment":[{"href":"https:\/\/www.mariadoceira.com\/loja\/wp-json\/wp\/v2\/media?parent=3"}],"curies":[{"name":"wp","href":"https:\/\/api.w.org\/{rel}","templated":true}]}}