{"id":2187,"date":"2020-07-03T14:34:19","date_gmt":"2020-07-03T14:34:19","guid":{"rendered":"https:\/\/www.mariadoceira.com\/loja\/?post_type=product&#038;p=2187"},"modified":"2020-08-13T07:51:36","modified_gmt":"2020-08-13T07:51:36","slug":"bacalhau-com-camarao","status":"publish","type":"product","link":"https:\/\/www.mariadoceira.com\/loja\/produto\/bacalhau-com-camarao\/","title":{"rendered":"Bacalhau com Espinafres e Camar\u00e3o"},"content":{"rendered":"<p>Molho bechamel (LEITE, GL\u00daTEN, SOJA, MOSTARDA, DI\u00d3XIDO DE ENXOFRE\/SULFITOS, AIPO, OVOS, SOJA) , Bacalhau cozido (BACALHAU), batata palha (SOJA), espinafres congelados, nata culin\u00e1ria (LEITE), camar\u00e3o cozido congelado (CAMAR\u00c3O, SULFITOS), leite meio gordo (LEITE), cebolada (PEIXE, CAMAR\u00c3O, AIPO), p\u00e3o ralado (GL\u00daTEN, OVOS, SOJA, LEITE), sal.<\/p>\n","protected":false},"excerpt":{"rendered":"<p><strong>Caracter\u00edsticas do produto<\/strong><br \/>\nULTRACONGELADO | Acondicionamento: 1 dose |Durabilidade:2 meses<\/p>\n<p><strong>Declara\u00e7\u00e3o nutricional (por 100g)<\/strong><br \/>\nEnergia: 988 KJ \/ 236 Kcal L\u00edpidos: 13,96 g, dos quais Saturados: 7,23 g<br \/>\nHidratos de carbono: 11,33 g, dos quais A\u00e7\u00facares: 1,71 g Fibra: 1,02 g<br \/>\nProte\u00ednas: 15,78 g Sal: 1,32 g<\/p>\n<p><button type=\"button\" class=\"button1\" onclick=\"history.back();\"> <i class=\"arrow left\"><\/i> Voltar <\/button><\/p>\n","protected":false},"featured_media":2188,"template":"","meta":[],"product_brand":[],"product_cat":[18],"product_tag":[],"class_list":{"0":"post-2187","1":"product","2":"type-product","3":"status-publish","4":"has-post-thumbnail","6":"product_cat-peixe","8":"first","9":"instock","10":"taxable","11":"shipping-taxable","12":"product-type-simple"},"_links":{"self":[{"href":"https:\/\/www.mariadoceira.com\/loja\/wp-json\/wp\/v2\/product\/2187","targetHints":{"allow":["GET"]}}],"collection":[{"href":"https:\/\/www.mariadoceira.com\/loja\/wp-json\/wp\/v2\/product"}],"about":[{"href":"https:\/\/www.mariadoceira.com\/loja\/wp-json\/wp\/v2\/types\/product"}],"wp:featuredmedia":[{"embeddable":true,"href":"https:\/\/www.mariadoceira.com\/loja\/wp-json\/wp\/v2\/media\/2188"}],"wp:attachment":[{"href":"https:\/\/www.mariadoceira.com\/loja\/wp-json\/wp\/v2\/media?parent=2187"}],"wp:term":[{"taxonomy":"product_brand","embeddable":true,"href":"https:\/\/www.mariadoceira.com\/loja\/wp-json\/wp\/v2\/product_brand?post=2187"},{"taxonomy":"product_cat","embeddable":true,"href":"https:\/\/www.mariadoceira.com\/loja\/wp-json\/wp\/v2\/product_cat?post=2187"},{"taxonomy":"product_tag","embeddable":true,"href":"https:\/\/www.mariadoceira.com\/loja\/wp-json\/wp\/v2\/product_tag?post=2187"}],"curies":[{"name":"wp","href":"https:\/\/api.w.org\/{rel}","templated":true}]}}