{"id":2189,"date":"2020-07-03T14:35:32","date_gmt":"2020-07-03T14:35:32","guid":{"rendered":"https:\/\/www.mariadoceira.com\/loja\/?post_type=product&#038;p=2189"},"modified":"2020-08-13T07:51:13","modified_gmt":"2020-08-13T07:51:13","slug":"bacalhau-com-natas","status":"publish","type":"product","link":"https:\/\/www.mariadoceira.com\/loja\/produto\/bacalhau-com-natas\/","title":{"rendered":"Bacalhau com Natas"},"content":{"rendered":"<p>Molho bechamel (LEITE, GL\u00daTEN, SOJA, MOSTARDA, DI\u00d3XIDO DE ENXOFRE\/SULFITOS, AIPO, OVOS, SOJA) , Bacalhau cozido (BACALHAU), batata palha (SOJA), nata culin\u00e1ria (LEITE), leite meio gordo (LEITE), cebolada (PEIXE, CAMAR\u00c3O, AIPO), p\u00e3o ralado (GL\u00daTEN, OVOS, SOJA, LEITE), sal.<\/p>\n","protected":false},"excerpt":{"rendered":"<p><strong>Declara\u00e7\u00e3o Nutricional (por 100g)<\/strong><br \/>\nEnergia: 1209 KJ \/ 289 Kcal L\u00edpidos: 17,73 g, dos quais Saturados: 9,11 g<br \/>\nHidratos de carbono: 14,99 g, dos quais A\u00e7\u00facares: 1,98 g Fibra: 1,22 g<br \/>\nProte\u00ednas: 16,67 g Sal: 1,69 g<\/p>\n<p><button type=\"button\" class=\"button1\" onclick=\"history.back();\"> <i class=\"arrow left\"><\/i> Voltar <\/button><\/p>\n","protected":false},"featured_media":2190,"template":"","meta":[],"product_brand":[],"product_cat":[18],"product_tag":[],"class_list":{"0":"post-2189","1":"product","2":"type-product","3":"status-publish","4":"has-post-thumbnail","6":"product_cat-peixe","8":"first","9":"instock","10":"taxable","11":"shipping-taxable","12":"product-type-simple"},"_links":{"self":[{"href":"https:\/\/www.mariadoceira.com\/loja\/wp-json\/wp\/v2\/product\/2189","targetHints":{"allow":["GET"]}}],"collection":[{"href":"https:\/\/www.mariadoceira.com\/loja\/wp-json\/wp\/v2\/product"}],"about":[{"href":"https:\/\/www.mariadoceira.com\/loja\/wp-json\/wp\/v2\/types\/product"}],"wp:featuredmedia":[{"embeddable":true,"href":"https:\/\/www.mariadoceira.com\/loja\/wp-json\/wp\/v2\/media\/2190"}],"wp:attachment":[{"href":"https:\/\/www.mariadoceira.com\/loja\/wp-json\/wp\/v2\/media?parent=2189"}],"wp:term":[{"taxonomy":"product_brand","embeddable":true,"href":"https:\/\/www.mariadoceira.com\/loja\/wp-json\/wp\/v2\/product_brand?post=2189"},{"taxonomy":"product_cat","embeddable":true,"href":"https:\/\/www.mariadoceira.com\/loja\/wp-json\/wp\/v2\/product_cat?post=2189"},{"taxonomy":"product_tag","embeddable":true,"href":"https:\/\/www.mariadoceira.com\/loja\/wp-json\/wp\/v2\/product_tag?post=2189"}],"curies":[{"name":"wp","href":"https:\/\/api.w.org\/{rel}","templated":true}]}}