{"id":2193,"date":"2020-07-03T14:41:28","date_gmt":"2020-07-03T14:41:28","guid":{"rendered":"https:\/\/www.mariadoceira.com\/loja\/?post_type=product&#038;p=2193"},"modified":"2020-08-13T07:50:26","modified_gmt":"2020-08-13T07:50:26","slug":"bolo-brigadeiro","status":"publish","type":"product","link":"https:\/\/www.mariadoceira.com\/loja\/produto\/bolo-brigadeiro\/","title":{"rendered":"Bolo Brigadeiro"},"content":{"rendered":"<p>Soft cake chocolate extra ( LEITE e GL\u00daTEN), a\u00e7\u00facar branco, margarina (SOJA, LEITE, GL\u00daTEN), chocolate de culin\u00e1ria (SOJA, LEITE), ovo (OVOS), chocolate de leite (SOJA, LEITE, FRUTOS CASCA RIJA), \u00f3leo alimentar, \u00e1gua , granulado de chocolate (SOJA).<\/p>\n","protected":false},"excerpt":{"rendered":"<p><strong>Declara\u00e7\u00e3o nutricional (por 100g)<\/strong><br \/>\nEnergia: 1723 KJ \/ 411 Kcal L\u00edpidos: 22,46 g, dos quais Saturados: 7,11 g<br \/>\nHidratos de carbono: 45,91 g, dos quais A\u00e7\u00facares: 34,89 g Fibra: 0,53 g<br \/>\nProte\u00ednas: 6,14 g Sal: 0,83 g<\/p>\n<p><button type=\"button\" class=\"button1\" onclick=\"history.back();\"> <i class=\"arrow left\"><\/i> Voltar <\/button><\/p>\n","protected":false},"featured_media":2195,"template":"","meta":[],"product_brand":[],"product_cat":[37],"product_tag":[],"class_list":{"0":"post-2193","1":"product","2":"type-product","3":"status-publish","4":"has-post-thumbnail","6":"product_cat-doces","8":"first","9":"instock","10":"taxable","11":"shipping-taxable","12":"product-type-simple"},"_links":{"self":[{"href":"https:\/\/www.mariadoceira.com\/loja\/wp-json\/wp\/v2\/product\/2193","targetHints":{"allow":["GET"]}}],"collection":[{"href":"https:\/\/www.mariadoceira.com\/loja\/wp-json\/wp\/v2\/product"}],"about":[{"href":"https:\/\/www.mariadoceira.com\/loja\/wp-json\/wp\/v2\/types\/product"}],"wp:featuredmedia":[{"embeddable":true,"href":"https:\/\/www.mariadoceira.com\/loja\/wp-json\/wp\/v2\/media\/2195"}],"wp:attachment":[{"href":"https:\/\/www.mariadoceira.com\/loja\/wp-json\/wp\/v2\/media?parent=2193"}],"wp:term":[{"taxonomy":"product_brand","embeddable":true,"href":"https:\/\/www.mariadoceira.com\/loja\/wp-json\/wp\/v2\/product_brand?post=2193"},{"taxonomy":"product_cat","embeddable":true,"href":"https:\/\/www.mariadoceira.com\/loja\/wp-json\/wp\/v2\/product_cat?post=2193"},{"taxonomy":"product_tag","embeddable":true,"href":"https:\/\/www.mariadoceira.com\/loja\/wp-json\/wp\/v2\/product_tag?post=2193"}],"curies":[{"name":"wp","href":"https:\/\/api.w.org\/{rel}","templated":true}]}}