{"id":2196,"date":"2020-07-03T14:42:52","date_gmt":"2020-07-03T14:42:52","guid":{"rendered":"https:\/\/www.mariadoceira.com\/loja\/?post_type=product&#038;p=2196"},"modified":"2020-08-13T07:50:00","modified_gmt":"2020-08-13T07:50:00","slug":"caril-de-frango","status":"publish","type":"product","link":"https:\/\/www.mariadoceira.com\/loja\/produto\/caril-de-frango\/","title":{"rendered":"Caril de peito de frango"},"content":{"rendered":"<p>Peito de frango, nata culin\u00e1ria (LEITE), leite de coco (DI\u00d3XIDO DE ENXOFRE\/SULFITOS), cebola, ma\u00e7\u00e3 golden, caril em p\u00f3 (LEITE, MOSTARDA), alho, azeite, sal, louro, salsa, caldo de galinha em cubos e piri-piri.<\/p>\n","protected":false},"excerpt":{"rendered":"<p><strong>Caracter\u00edsticas do produto<\/strong><br \/>\nULTRACONGELADO | Acondicionamento: 500g | Durabilidade:60 dias<\/p>\n<p><strong>Declara\u00e7\u00e3o nutricional (por 100g)<\/strong><br \/>\nEnergia: 757 KJ \/ 181 Kcal L\u00edpidos: 8,29 g, dos quais Saturados: 4,77 g<br \/>\nHidratos de carbono: 2,54 g, dos quais A\u00e7\u00facares: 1,73 g Fibra: 0,82 g<br \/>\nProte\u00ednas: 23,62 g Sal: 1,16 g<\/p>\n<p><button type=\"button\" class=\"button1\" onclick=\"history.back();\"> <i class=\"arrow left\"><\/i> Voltar <\/button><\/p>\n","protected":false},"featured_media":2197,"template":"","meta":[],"product_brand":[],"product_cat":[20],"product_tag":[],"class_list":{"0":"post-2196","1":"product","2":"type-product","3":"status-publish","4":"has-post-thumbnail","6":"product_cat-carne","8":"first","9":"instock","10":"taxable","11":"shipping-taxable","12":"product-type-simple"},"_links":{"self":[{"href":"https:\/\/www.mariadoceira.com\/loja\/wp-json\/wp\/v2\/product\/2196","targetHints":{"allow":["GET"]}}],"collection":[{"href":"https:\/\/www.mariadoceira.com\/loja\/wp-json\/wp\/v2\/product"}],"about":[{"href":"https:\/\/www.mariadoceira.com\/loja\/wp-json\/wp\/v2\/types\/product"}],"wp:featuredmedia":[{"embeddable":true,"href":"https:\/\/www.mariadoceira.com\/loja\/wp-json\/wp\/v2\/media\/2197"}],"wp:attachment":[{"href":"https:\/\/www.mariadoceira.com\/loja\/wp-json\/wp\/v2\/media?parent=2196"}],"wp:term":[{"taxonomy":"product_brand","embeddable":true,"href":"https:\/\/www.mariadoceira.com\/loja\/wp-json\/wp\/v2\/product_brand?post=2196"},{"taxonomy":"product_cat","embeddable":true,"href":"https:\/\/www.mariadoceira.com\/loja\/wp-json\/wp\/v2\/product_cat?post=2196"},{"taxonomy":"product_tag","embeddable":true,"href":"https:\/\/www.mariadoceira.com\/loja\/wp-json\/wp\/v2\/product_tag?post=2196"}],"curies":[{"name":"wp","href":"https:\/\/api.w.org\/{rel}","templated":true}]}}