{"id":2198,"date":"2020-07-03T15:00:30","date_gmt":"2020-07-03T15:00:30","guid":{"rendered":"https:\/\/www.mariadoceira.com\/loja\/?post_type=product&#038;p=2198"},"modified":"2020-08-13T07:49:37","modified_gmt":"2020-08-13T07:49:37","slug":"cheesecake","status":"publish","type":"product","link":"https:\/\/www.mariadoceira.com\/loja\/produto\/cheesecake\/","title":{"rendered":"Cheesecake frutos vermelhos"},"content":{"rendered":"<p>Bolacha maria (DI\u00d3XIDO DE ENXOFRE\/SULFITOS, SEMENTES DE S\u00c9SAMO, LEITE, SOJA, OVOS, GL\u00daTEN), creme culin\u00e1rio vegetal (SOJA), ovo inteiro (OVOS), nata ken presto (LEITE, SOJA), iogurte natural (LEITE), lim\u00e3o, doce de frutos silvestres, a\u00e7\u00facar branco, folha de gelatina.<\/p>\n","protected":false},"excerpt":{"rendered":"<p><strong>Declara\u00e7\u00e3o nutricional (por 100g)<\/strong><br \/>\nEnergia: 1196 KJ \/ 286 Kcal L\u00edpidos: 19,47 g, dos quais Saturados: 10,48 g<br \/>\nHidratos de carbono: 24,15 g, dos quais A\u00e7\u00facares: 14,00 g Fibra: 0,59 g<br \/>\nProte\u00ednas: 3,19 g Sal: 0,35 g<\/p>\n<p><button type=\"button\" class=\"button1\" onclick=\"history.back();\"> <i class=\"arrow left\"><\/i> Voltar <\/button><\/p>\n","protected":false},"featured_media":2199,"template":"","meta":[],"product_brand":[],"product_cat":[37],"product_tag":[],"class_list":{"0":"post-2198","1":"product","2":"type-product","3":"status-publish","4":"has-post-thumbnail","6":"product_cat-doces","8":"first","9":"instock","10":"taxable","11":"shipping-taxable","12":"product-type-simple"},"_links":{"self":[{"href":"https:\/\/www.mariadoceira.com\/loja\/wp-json\/wp\/v2\/product\/2198","targetHints":{"allow":["GET"]}}],"collection":[{"href":"https:\/\/www.mariadoceira.com\/loja\/wp-json\/wp\/v2\/product"}],"about":[{"href":"https:\/\/www.mariadoceira.com\/loja\/wp-json\/wp\/v2\/types\/product"}],"wp:featuredmedia":[{"embeddable":true,"href":"https:\/\/www.mariadoceira.com\/loja\/wp-json\/wp\/v2\/media\/2199"}],"wp:attachment":[{"href":"https:\/\/www.mariadoceira.com\/loja\/wp-json\/wp\/v2\/media?parent=2198"}],"wp:term":[{"taxonomy":"product_brand","embeddable":true,"href":"https:\/\/www.mariadoceira.com\/loja\/wp-json\/wp\/v2\/product_brand?post=2198"},{"taxonomy":"product_cat","embeddable":true,"href":"https:\/\/www.mariadoceira.com\/loja\/wp-json\/wp\/v2\/product_cat?post=2198"},{"taxonomy":"product_tag","embeddable":true,"href":"https:\/\/www.mariadoceira.com\/loja\/wp-json\/wp\/v2\/product_tag?post=2198"}],"curies":[{"name":"wp","href":"https:\/\/api.w.org\/{rel}","templated":true}]}}