{"id":2200,"date":"2020-07-03T15:02:46","date_gmt":"2020-07-03T15:02:46","guid":{"rendered":"https:\/\/www.mariadoceira.com\/loja\/?post_type=product&#038;p=2200"},"modified":"2020-08-13T07:49:13","modified_gmt":"2020-08-13T07:49:13","slug":"creme-abobora-e-courgette","status":"publish","type":"product","link":"https:\/\/www.mariadoceira.com\/loja\/produto\/creme-abobora-e-courgette\/","title":{"rendered":"Creme de curgete e ab\u00f3bora"},"content":{"rendered":"<p>\u00c1gua , ab\u00f3bora, curgete, batata, cebola, azeite, sal, alho.<\/p>\n","protected":false},"excerpt":{"rendered":"<p><strong>Caracter\u00edsticas do produto<\/strong><br \/>\nCONGELADO | Conserva\u00e7\u00e3o:Conservar no congelador a -18\u00baC | Durabilidade:2 meses<br \/>\n<strong>Utiliza\u00e7\u00e3o Prevista<\/strong><br \/>\nModo de aquecer: abrir a tampa, colocar no microondas, aquecer durante 12 minutos na pot\u00eancia 720w.<\/p>\n<p><strong>Declara\u00e7\u00e3o nutricional (por 100g)<\/strong><br \/>\nEnergia: 205 KJ \/ 49 Kcal L\u00edpidos: 3,38 g, dos quais Saturados: 0,51 g<br \/>\nHidratos de carbono: 3,55 g, dos quais A\u00e7\u00facares: 1,04 g Fibra: 0,68 g<br \/>\nProte\u00ednas: 0,77 g Sal: 0,66 g<\/p>\n<p><button type=\"button\" class=\"button1\" onclick=\"history.back();\"> <i class=\"arrow left\"><\/i> Voltar <\/button><\/p>\n","protected":false},"featured_media":2201,"template":"","meta":[],"product_brand":[],"product_cat":[35,40],"product_tag":[],"class_list":{"0":"post-2200","1":"product","2":"type-product","3":"status-publish","4":"has-post-thumbnail","6":"product_cat-vegetariano","7":"product_cat-sopas","9":"first","10":"instock","11":"taxable","12":"shipping-taxable","13":"product-type-simple"},"_links":{"self":[{"href":"https:\/\/www.mariadoceira.com\/loja\/wp-json\/wp\/v2\/product\/2200","targetHints":{"allow":["GET"]}}],"collection":[{"href":"https:\/\/www.mariadoceira.com\/loja\/wp-json\/wp\/v2\/product"}],"about":[{"href":"https:\/\/www.mariadoceira.com\/loja\/wp-json\/wp\/v2\/types\/product"}],"wp:featuredmedia":[{"embeddable":true,"href":"https:\/\/www.mariadoceira.com\/loja\/wp-json\/wp\/v2\/media\/2201"}],"wp:attachment":[{"href":"https:\/\/www.mariadoceira.com\/loja\/wp-json\/wp\/v2\/media?parent=2200"}],"wp:term":[{"taxonomy":"product_brand","embeddable":true,"href":"https:\/\/www.mariadoceira.com\/loja\/wp-json\/wp\/v2\/product_brand?post=2200"},{"taxonomy":"product_cat","embeddable":true,"href":"https:\/\/www.mariadoceira.com\/loja\/wp-json\/wp\/v2\/product_cat?post=2200"},{"taxonomy":"product_tag","embeddable":true,"href":"https:\/\/www.mariadoceira.com\/loja\/wp-json\/wp\/v2\/product_tag?post=2200"}],"curies":[{"name":"wp","href":"https:\/\/api.w.org\/{rel}","templated":true}]}}