{"id":2202,"date":"2020-07-03T15:04:25","date_gmt":"2020-07-03T15:04:25","guid":{"rendered":"https:\/\/www.mariadoceira.com\/loja\/?post_type=product&#038;p=2202"},"modified":"2020-08-13T07:48:35","modified_gmt":"2020-08-13T07:48:35","slug":"croquetes-de-carne","status":"publish","type":"product","link":"https:\/\/www.mariadoceira.com\/loja\/produto\/croquetes-de-carne\/","title":{"rendered":"Croquetes de carne"},"content":{"rendered":"<p>P\u00e1 de porco, carne de vitela, farinha sem fermento (GL\u00daTEN), leite meio gordo (LEITE), salsicha Frankfurt, chouri\u00e7o (SOJA, DI\u00d3XIDO DE ENXOFRE\/SULFITOS, LEITE, GL\u00daTEN), p\u00e3o ralado (GL\u00daTEN, OVOS, SOJA, LEITE), cebola, azeite, ovo inteiro (OVO), concentrado de tomate, molho ingl\u00eas (VINAGRE \/SULFITOS, GL\u00daTEN), alho, coentros, sal, caldo de carne em cubos ( AIPO, GLUTEN, SOJA), Piri-piri, noz moscada, folha de louro.<\/p>\n","protected":false},"excerpt":{"rendered":"<p><strong>Declara\u00e7\u00e3o nutricional (por 100g)<\/strong><br \/>\nEnergia: 1010 KJ \/ 241 Kcal L\u00edpidos: 10,52 g, dos quais Saturados: 3,36 g<br \/>\nHidratos de carbono: 21,75 g, dos quais A\u00e7\u00facares: 1,85 g Fibra: 0,34 g<br \/>\nProte\u00ednas: 14,75 g Sal: 0,84 g<\/p>\n<p><strong>Caracter\u00edsticas do produto<\/strong><br \/>\nCONGELADO<\/p>\n<p><button type=\"button\" class=\"button1\" onclick=\"history.back();\"> <i class=\"arrow left\"><\/i> Voltar <\/button><\/p>\n","protected":false},"featured_media":2203,"template":"","meta":[],"product_brand":[],"product_cat":[25],"product_tag":[],"class_list":{"0":"post-2202","1":"product","2":"type-product","3":"status-publish","4":"has-post-thumbnail","6":"product_cat-salgados","8":"first","9":"instock","10":"taxable","11":"shipping-taxable","12":"product-type-simple"},"_links":{"self":[{"href":"https:\/\/www.mariadoceira.com\/loja\/wp-json\/wp\/v2\/product\/2202","targetHints":{"allow":["GET"]}}],"collection":[{"href":"https:\/\/www.mariadoceira.com\/loja\/wp-json\/wp\/v2\/product"}],"about":[{"href":"https:\/\/www.mariadoceira.com\/loja\/wp-json\/wp\/v2\/types\/product"}],"wp:featuredmedia":[{"embeddable":true,"href":"https:\/\/www.mariadoceira.com\/loja\/wp-json\/wp\/v2\/media\/2203"}],"wp:attachment":[{"href":"https:\/\/www.mariadoceira.com\/loja\/wp-json\/wp\/v2\/media?parent=2202"}],"wp:term":[{"taxonomy":"product_brand","embeddable":true,"href":"https:\/\/www.mariadoceira.com\/loja\/wp-json\/wp\/v2\/product_brand?post=2202"},{"taxonomy":"product_cat","embeddable":true,"href":"https:\/\/www.mariadoceira.com\/loja\/wp-json\/wp\/v2\/product_cat?post=2202"},{"taxonomy":"product_tag","embeddable":true,"href":"https:\/\/www.mariadoceira.com\/loja\/wp-json\/wp\/v2\/product_tag?post=2202"}],"curies":[{"name":"wp","href":"https:\/\/api.w.org\/{rel}","templated":true}]}}