{"id":2204,"date":"2020-07-03T15:05:52","date_gmt":"2020-07-03T15:05:52","guid":{"rendered":"https:\/\/www.mariadoceira.com\/loja\/?post_type=product&#038;p=2204"},"modified":"2020-08-13T07:48:10","modified_gmt":"2020-08-13T07:48:10","slug":"mini-croquetes-de-alheira","status":"publish","type":"product","link":"https:\/\/www.mariadoceira.com\/loja\/produto\/mini-croquetes-de-alheira\/","title":{"rendered":"Mini croquetes de alheira"},"content":{"rendered":"<p>Alheira (GL\u00daTEN, LEITE, SOJA), peito de frango, ovo inteiro (OVO), p\u00e3o ralado (GL\u00daTEN, OVOS, SOJA, LEITE), cebola, salsa, azeite.<\/p>\n","protected":false},"excerpt":{"rendered":"<p><strong>Declara\u00e7\u00e3o nutricional (por 100g)<\/strong><br \/>\nEnergia: 984 KJ \/ 235 Kcal L\u00edpidos: 12,58 g, dos quais Saturados: 3,94 g<br \/>\nHidratos de carbono: 19,14 g, dos quais A\u00e7\u00facares: 1,14 g Fibra: 0,76 g<br \/>\nProte\u00ednas: 10,90 g Sal: 0,90 g<\/p>\n<p><button type=\"button\" class=\"button1\" onclick=\"history.back();\"> <i class=\"arrow left\"><\/i> Voltar <\/button><\/p>\n","protected":false},"featured_media":2205,"template":"","meta":[],"product_brand":[],"product_cat":[25],"product_tag":[],"class_list":{"0":"post-2204","1":"product","2":"type-product","3":"status-publish","4":"has-post-thumbnail","6":"product_cat-salgados","8":"first","9":"instock","10":"taxable","11":"shipping-taxable","12":"product-type-simple"},"_links":{"self":[{"href":"https:\/\/www.mariadoceira.com\/loja\/wp-json\/wp\/v2\/product\/2204","targetHints":{"allow":["GET"]}}],"collection":[{"href":"https:\/\/www.mariadoceira.com\/loja\/wp-json\/wp\/v2\/product"}],"about":[{"href":"https:\/\/www.mariadoceira.com\/loja\/wp-json\/wp\/v2\/types\/product"}],"wp:featuredmedia":[{"embeddable":true,"href":"https:\/\/www.mariadoceira.com\/loja\/wp-json\/wp\/v2\/media\/2205"}],"wp:attachment":[{"href":"https:\/\/www.mariadoceira.com\/loja\/wp-json\/wp\/v2\/media?parent=2204"}],"wp:term":[{"taxonomy":"product_brand","embeddable":true,"href":"https:\/\/www.mariadoceira.com\/loja\/wp-json\/wp\/v2\/product_brand?post=2204"},{"taxonomy":"product_cat","embeddable":true,"href":"https:\/\/www.mariadoceira.com\/loja\/wp-json\/wp\/v2\/product_cat?post=2204"},{"taxonomy":"product_tag","embeddable":true,"href":"https:\/\/www.mariadoceira.com\/loja\/wp-json\/wp\/v2\/product_tag?post=2204"}],"curies":[{"name":"wp","href":"https:\/\/api.w.org\/{rel}","templated":true}]}}