{"id":2216,"date":"2020-07-03T15:14:24","date_gmt":"2020-07-03T15:14:24","guid":{"rendered":"https:\/\/www.mariadoceira.com\/loja\/?post_type=product&#038;p=2216"},"modified":"2020-08-13T07:45:38","modified_gmt":"2020-08-13T07:45:38","slug":"rolo-de-carne","status":"publish","type":"product","link":"https:\/\/www.mariadoceira.com\/loja\/produto\/rolo-de-carne\/","title":{"rendered":"Rolo de carne"},"content":{"rendered":"<p>Carne de vitela, \u00e1gua , Ovo inteiro (OVOS), p\u00e3o ralado (GL\u00daTEN, OVOS, SOJA, LEITE), cebola, Queijo mozzarella ralado (LEITE), fiambre da perna (LEITE, GL\u00daTEN e SOJA), azeite, concentrado de tomate, alho, sal, azeite, caldo de carne em cubos (AIPO), louro.<\/p>\n","protected":false},"excerpt":{"rendered":"<p><strong>Declara\u00e7\u00e3o nutricional (por 100g)<\/strong><br \/>\nEnergia: 622 KJ \/ 148 Kcal L\u00edpidos: 8,32 g, dos quais Saturados: 2,98 g<br \/>\nHidratos de carbono: 3,99 g, dos quais A\u00e7\u00facares: 0,51 g Fibra: 0,30 g<br \/>\nProte\u00ednas: 14,25 g Sal: 1,17 g<\/p>\n<p><button type=\"button\" class=\"button1\" onclick=\"history.back();\"> <i class=\"arrow left\"><\/i> Voltar <\/button><\/p>\n","protected":false},"featured_media":2217,"template":"","meta":[],"product_brand":[],"product_cat":[20],"product_tag":[],"class_list":{"0":"post-2216","1":"product","2":"type-product","3":"status-publish","4":"has-post-thumbnail","6":"product_cat-carne","8":"first","9":"instock","10":"taxable","11":"shipping-taxable","12":"product-type-simple"},"_links":{"self":[{"href":"https:\/\/www.mariadoceira.com\/loja\/wp-json\/wp\/v2\/product\/2216","targetHints":{"allow":["GET"]}}],"collection":[{"href":"https:\/\/www.mariadoceira.com\/loja\/wp-json\/wp\/v2\/product"}],"about":[{"href":"https:\/\/www.mariadoceira.com\/loja\/wp-json\/wp\/v2\/types\/product"}],"wp:featuredmedia":[{"embeddable":true,"href":"https:\/\/www.mariadoceira.com\/loja\/wp-json\/wp\/v2\/media\/2217"}],"wp:attachment":[{"href":"https:\/\/www.mariadoceira.com\/loja\/wp-json\/wp\/v2\/media?parent=2216"}],"wp:term":[{"taxonomy":"product_brand","embeddable":true,"href":"https:\/\/www.mariadoceira.com\/loja\/wp-json\/wp\/v2\/product_brand?post=2216"},{"taxonomy":"product_cat","embeddable":true,"href":"https:\/\/www.mariadoceira.com\/loja\/wp-json\/wp\/v2\/product_cat?post=2216"},{"taxonomy":"product_tag","embeddable":true,"href":"https:\/\/www.mariadoceira.com\/loja\/wp-json\/wp\/v2\/product_tag?post=2216"}],"curies":[{"name":"wp","href":"https:\/\/api.w.org\/{rel}","templated":true}]}}